{"id":538,"date":"2024-01-15T12:18:24","date_gmt":"2024-01-15T11:18:24","guid":{"rendered":"https:\/\/www.estampacionesvizcaya.com\/calidad\/"},"modified":"2025-10-13T12:22:41","modified_gmt":"2025-10-13T10:22:41","slug":"qualite","status":"publish","type":"page","link":"https:\/\/www.estampacionesvizcaya.com\/fr\/qualite\/","title":{"rendered":"Qualit\u00e9"},"content":{"rendered":"<p>[et_pb_section fb_built=\u00a0\u00bb1&Prime; _builder_version=\u00a0\u00bb4.23&Prime; _module_preset=\u00a0\u00bbdefault\u00a0\u00bb background_color=\u00a0\u00bb#222c35&Prime; min_height=\u00a0\u00bb400px\u00a0\u00bb height=\u00a0\u00bb350px\u00a0\u00bb custom_margin=\u00a0\u00bb-200px||||false|false\u00a0\u00bb global_colors_info=\u00a0\u00bb{}\u00a0\u00bb][\/et_pb_section][et_pb_section fb_built=\u00a0\u00bb1&Prime; _builder_version=\u00a0\u00bb4.23&Prime; _module_preset=\u00a0\u00bbdefault\u00a0\u00bb background_enable_color=\u00a0\u00bboff\u00a0\u00bb custom_margin=\u00a0\u00bb-200px||||false|false\u00a0\u00bb global_colors_info=\u00a0\u00bb{}\u00a0\u00bb][et_pb_row column_structure=\u00a0\u00bb1_2,1_2&Prime; _builder_version=\u00a0\u00bb4.23&Prime; _module_preset=\u00a0\u00bbdefault\u00a0\u00bb max_width=\u00a0\u00bb80%\u00a0\u00bb custom_margin=\u00a0\u00bb2px|auto||auto|false|false\u00a0\u00bb global_colors_info=\u00a0\u00bb{}\u00a0\u00bb][et_pb_column type=\u00a0\u00bb1_2&Prime; _builder_version=\u00a0\u00bb4.23&Prime; _module_preset=\u00a0\u00bbdefault\u00a0\u00bb global_colors_info=\u00a0\u00bb{}\u00a0\u00bb][et_pb_blurb title=\u00a0\u00bbQualit\u00e9\u00a0\u00bb image=\u00a0\u00bbhttps:\/\/www.estampacionesvizcaya.com\/wp-content\/uploads\/2024\/01\/EV-logo-a.webp\u00a0\u00bb icon_placement=\u00a0\u00bbleft\u00a0\u00bb content_max_width=\u00a0\u00bb100%\u00a0\u00bb _builder_version=\u00a0\u00bb4.27.4&Prime; _module_preset=\u00a0\u00bbdefault\u00a0\u00bb header_font=\u00a0\u00bbAbel||||||||\u00a0\u00bb header_text_color=\u00a0\u00bbgcid-73f67877-fc63-4ecb-9ce7-632748624946&Prime; header_font_size=\u00a0\u00bb40px\u00a0\u00bb width=\u00a0\u00bb100%\u00a0\u00bb hover_enabled=\u00a0\u00bb0&Prime; custom_css_blurb_title=\u00a0\u00bbmargin-left: -10px;\u00a0\u00bb global_colors_info=\u00a0\u00bb{%22gcid-73f67877-fc63-4ecb-9ce7-632748624946%22:%91%22header_text_color%22%93}\u00a0\u00bb sticky_enabled=\u00a0\u00bb0&Prime;][\/et_pb_blurb][et_pb_text _builder_version=\u00a0\u00bb4.27.4&Prime; _module_preset=\u00a0\u00bbdefault\u00a0\u00bb text_text_color=\u00a0\u00bbgcid-73f67877-fc63-4ecb-9ce7-632748624946&Prime; custom_padding=\u00a0\u00bb|||10px|false|false\u00a0\u00bb hover_enabled=\u00a0\u00bb0&Prime; border_width_left=\u00a0\u00bb4px\u00a0\u00bb border_color_left=\u00a0\u00bbgcid-bf942b21-85ff-46a1-a55f-4a6ebad47ea6&Prime; border_style_left=\u00a0\u00bbdouble\u00a0\u00bb global_colors_info=\u00a0\u00bb{%22gcid-bf942b21-85ff-46a1-a55f-4a6ebad47ea6%22:%91%22border_color_left%22%93,%22gcid-73f67877-fc63-4ecb-9ce7-632748624946%22:%91%22text_text_color%22%93}\u00a0\u00bb sticky_enabled=\u00a0\u00bb0&Prime;]<\/p>\n<p>Afin de garantir la plus haute qualit\u00e9 de nos produits, nous avons mis en place un Syst\u00e8me de Gestion certifi\u00e9 selon la norme ISO 9001:2015, qui nous permet d\u2019assurer le respect des standards de qualit\u00e9.<\/p>\n<p>Notre engagement repose sur un processus d\u2019am\u00e9lioration continue, gr\u00e2ce auquel nous cherchons constamment \u00e0 atteindre de nouveaux objectifs.<\/p>\n<p>Dans notre atelier, nous appliquons les principes de la m\u00e9thodologie 5S, visant \u00e0 garantir :<\/p>\n<ul>\n<li>Une utilisation efficace des ressources,<\/li>\n<li>La s\u00e9curit\u00e9 et la protection de nos collaborateurs,<\/li>\n<li>Un environnement de travail ordonn\u00e9 et propre,<\/li>\n<li>Un haut niveau de productivit\u00e9 durable.<\/li>\n<\/ul>\n<p>[\/et_pb_text][et_pb_blurb title=\u00a0\u00bbVoir le certificat\u00a0\u00bb image=\u00a0\u00bbhttps:\/\/www.estampacionesvizcaya.com\/wp-content\/uploads\/2024\/01\/Bureau-veritas.webp\u00a0\u00bb image_icon_width=\u00a0\u00bb78%\u00a0\u00bb _builder_version=\u00a0\u00bb4.27.4&Prime; _module_preset=\u00a0\u00bbdefault\u00a0\u00bb header_text_align=\u00a0\u00bbcenter\u00a0\u00bb header_text_color=\u00a0\u00bbgcid-bf942b21-85ff-46a1-a55f-4a6ebad47ea6&Prime; link_option_url=\u00a0\u00bbhttps:\/\/www.estampacionesvizcaya.com\/wp-content\/uploads\/2024\/01\/12976793-BUP-ESTAMPACIONES-VIZCAYA-SL-ESPANOL.pdf\u00a0\u00bb link_option_url_new_window=\u00a0\u00bbon\u00a0\u00bb hover_enabled=\u00a0\u00bb0&Prime; custom_css_blurb_title=\u00a0\u00bbmargin-top: -25px;\u00a0\u00bb global_colors_info=\u00a0\u00bb{%22gcid-bf942b21-85ff-46a1-a55f-4a6ebad47ea6%22:%91%22header_text_color%22%93}\u00a0\u00bb sticky_enabled=\u00a0\u00bb0&Prime;][\/et_pb_blurb][\/et_pb_column][et_pb_column type=\u00a0\u00bb1_2&Prime; _builder_version=\u00a0\u00bb4.23&Prime; _module_preset=\u00a0\u00bbdefault\u00a0\u00bb global_colors_info=\u00a0\u00bb{}\u00a0\u00bb][et_pb_image src=\u00a0\u00bbhttps:\/\/www.estampacionesvizcaya.com\/wp-content\/uploads\/2024\/01\/Estampaciones-Calidad.webp\u00a0\u00bb title_text=\u00a0\u00bbEstampaciones-Calidad\u00a0\u00bb _builder_version=\u00a0\u00bb4.23&Prime; _module_preset=\u00a0\u00bbdefault\u00a0\u00bb animation_style=\u00a0\u00bbslide\u00a0\u00bb animation_direction=\u00a0\u00bbbottom\u00a0\u00bb box_shadow_style=\u00a0\u00bbpreset1&Prime; box_shadow_color=\u00a0\u00bb#000000&Prime; global_colors_info=\u00a0\u00bb{}\u00a0\u00bb][\/et_pb_image][\/et_pb_column][\/et_pb_row][\/et_pb_section]<\/p>\n","protected":false},"excerpt":{"rendered":"<p>Afin de garantir la plus haute qualit\u00e9 de nos produits, nous avons mis en place un Syst\u00e8me de Gestion certifi\u00e9 selon la norme ISO 9001:2015, qui nous permet d\u2019assurer le respect des standards de qualit\u00e9. Notre engagement repose sur un processus d\u2019am\u00e9lioration continue, gr\u00e2ce auquel nous cherchons constamment \u00e0 atteindre de nouveaux objectifs. Dans notre [&hellip;]<\/p>\n","protected":false},"author":1,"featured_media":0,"parent":0,"menu_order":0,"comment_status":"closed","ping_status":"closed","template":"","meta":{"_et_pb_use_builder":"on","_et_pb_old_content":"","_et_gb_content_width":"","footnotes":""},"class_list":["post-538","page","type-page","status-publish","hentry"],"yoast_head":"<!-- This site is optimized with the Yoast SEO plugin v27.2 - https:\/\/yoast.com\/product\/yoast-seo-wordpress\/ -->\n<title>Qualit\u00e9 - Estampaciones Vizcaya<\/title>\n<meta name=\"robots\" content=\"index, follow, max-snippet:-1, max-image-preview:large, max-video-preview:-1\" \/>\n<link rel=\"canonical\" href=\"https:\/\/www.estampacionesvizcaya.com\/fr\/qualite\/\" \/>\n<meta property=\"og:locale\" content=\"fr_FR\" \/>\n<meta property=\"og:type\" content=\"article\" \/>\n<meta property=\"og:title\" content=\"Qualit\u00e9 - Estampaciones Vizcaya\" \/>\n<meta property=\"og:description\" content=\"Afin de garantir la plus haute qualit\u00e9 de nos produits, nous avons mis en place un Syst\u00e8me de Gestion certifi\u00e9 selon la norme ISO 9001:2015, qui nous permet d\u2019assurer le respect des standards de qualit\u00e9. Notre engagement repose sur un processus d\u2019am\u00e9lioration continue, gr\u00e2ce auquel nous cherchons constamment \u00e0 atteindre de nouveaux objectifs. Dans notre [&hellip;]\" \/>\n<meta property=\"og:url\" content=\"https:\/\/www.estampacionesvizcaya.com\/fr\/qualite\/\" \/>\n<meta property=\"og:site_name\" content=\"Estampaciones Vizcaya\" \/>\n<meta property=\"article:modified_time\" content=\"2025-10-13T10:22:41+00:00\" \/>\n<meta name=\"twitter:card\" content=\"summary_large_image\" \/>\n<meta name=\"twitter:label1\" content=\"Dur\u00e9e de lecture estim\u00e9e\" \/>\n\t<meta name=\"twitter:data1\" content=\"2 minutes\" \/>\n<script type=\"application\/ld+json\" class=\"yoast-schema-graph\">{\"@context\":\"https:\/\/schema.org\",\"@graph\":[{\"@type\":\"WebPage\",\"@id\":\"https:\/\/www.estampacionesvizcaya.com\/fr\/qualite\/\",\"url\":\"https:\/\/www.estampacionesvizcaya.com\/fr\/qualite\/\",\"name\":\"Qualit\u00e9 - Estampaciones Vizcaya\",\"isPartOf\":{\"@id\":\"https:\/\/www.estampacionesvizcaya.com\/fr\/#website\"},\"datePublished\":\"2024-01-15T11:18:24+00:00\",\"dateModified\":\"2025-10-13T10:22:41+00:00\",\"breadcrumb\":{\"@id\":\"https:\/\/www.estampacionesvizcaya.com\/fr\/qualite\/#breadcrumb\"},\"inLanguage\":\"fr-FR\",\"potentialAction\":[{\"@type\":\"ReadAction\",\"target\":[\"https:\/\/www.estampacionesvizcaya.com\/fr\/qualite\/\"]}]},{\"@type\":\"BreadcrumbList\",\"@id\":\"https:\/\/www.estampacionesvizcaya.com\/fr\/qualite\/#breadcrumb\",\"itemListElement\":[{\"@type\":\"ListItem\",\"position\":1,\"name\":\"Portada\",\"item\":\"https:\/\/www.estampacionesvizcaya.com\/fr\/\"},{\"@type\":\"ListItem\",\"position\":2,\"name\":\"Qualit\u00e9\"}]},{\"@type\":\"WebSite\",\"@id\":\"https:\/\/www.estampacionesvizcaya.com\/fr\/#website\",\"url\":\"https:\/\/www.estampacionesvizcaya.com\/fr\/\",\"name\":\"Estampaciones Vizcaya\",\"description\":\"fabricaci\u00f3n y estampaci\u00f3n de piezas bajo plano o muestra\",\"potentialAction\":[{\"@type\":\"SearchAction\",\"target\":{\"@type\":\"EntryPoint\",\"urlTemplate\":\"https:\/\/www.estampacionesvizcaya.com\/fr\/?s={search_term_string}\"},\"query-input\":{\"@type\":\"PropertyValueSpecification\",\"valueRequired\":true,\"valueName\":\"search_term_string\"}}],\"inLanguage\":\"fr-FR\"}]}<\/script>\n<!-- \/ Yoast SEO plugin. -->","yoast_head_json":{"title":"Qualit\u00e9 - Estampaciones Vizcaya","robots":{"index":"index","follow":"follow","max-snippet":"max-snippet:-1","max-image-preview":"max-image-preview:large","max-video-preview":"max-video-preview:-1"},"canonical":"https:\/\/www.estampacionesvizcaya.com\/fr\/qualite\/","og_locale":"fr_FR","og_type":"article","og_title":"Qualit\u00e9 - Estampaciones Vizcaya","og_description":"Afin de garantir la plus haute qualit\u00e9 de nos produits, nous avons mis en place un Syst\u00e8me de Gestion certifi\u00e9 selon la norme ISO 9001:2015, qui nous permet d\u2019assurer le respect des standards de qualit\u00e9. Notre engagement repose sur un processus d\u2019am\u00e9lioration continue, gr\u00e2ce auquel nous cherchons constamment \u00e0 atteindre de nouveaux objectifs. Dans notre [&hellip;]","og_url":"https:\/\/www.estampacionesvizcaya.com\/fr\/qualite\/","og_site_name":"Estampaciones Vizcaya","article_modified_time":"2025-10-13T10:22:41+00:00","twitter_card":"summary_large_image","twitter_misc":{"Dur\u00e9e de lecture estim\u00e9e":"2 minutes"},"schema":{"@context":"https:\/\/schema.org","@graph":[{"@type":"WebPage","@id":"https:\/\/www.estampacionesvizcaya.com\/fr\/qualite\/","url":"https:\/\/www.estampacionesvizcaya.com\/fr\/qualite\/","name":"Qualit\u00e9 - Estampaciones Vizcaya","isPartOf":{"@id":"https:\/\/www.estampacionesvizcaya.com\/fr\/#website"},"datePublished":"2024-01-15T11:18:24+00:00","dateModified":"2025-10-13T10:22:41+00:00","breadcrumb":{"@id":"https:\/\/www.estampacionesvizcaya.com\/fr\/qualite\/#breadcrumb"},"inLanguage":"fr-FR","potentialAction":[{"@type":"ReadAction","target":["https:\/\/www.estampacionesvizcaya.com\/fr\/qualite\/"]}]},{"@type":"BreadcrumbList","@id":"https:\/\/www.estampacionesvizcaya.com\/fr\/qualite\/#breadcrumb","itemListElement":[{"@type":"ListItem","position":1,"name":"Portada","item":"https:\/\/www.estampacionesvizcaya.com\/fr\/"},{"@type":"ListItem","position":2,"name":"Qualit\u00e9"}]},{"@type":"WebSite","@id":"https:\/\/www.estampacionesvizcaya.com\/fr\/#website","url":"https:\/\/www.estampacionesvizcaya.com\/fr\/","name":"Estampaciones Vizcaya","description":"fabricaci\u00f3n y estampaci\u00f3n de piezas bajo plano o muestra","potentialAction":[{"@type":"SearchAction","target":{"@type":"EntryPoint","urlTemplate":"https:\/\/www.estampacionesvizcaya.com\/fr\/?s={search_term_string}"},"query-input":{"@type":"PropertyValueSpecification","valueRequired":true,"valueName":"search_term_string"}}],"inLanguage":"fr-FR"}]}},"_links":{"self":[{"href":"https:\/\/www.estampacionesvizcaya.com\/fr\/wp-json\/wp\/v2\/pages\/538","targetHints":{"allow":["GET"]}}],"collection":[{"href":"https:\/\/www.estampacionesvizcaya.com\/fr\/wp-json\/wp\/v2\/pages"}],"about":[{"href":"https:\/\/www.estampacionesvizcaya.com\/fr\/wp-json\/wp\/v2\/types\/page"}],"author":[{"embeddable":true,"href":"https:\/\/www.estampacionesvizcaya.com\/fr\/wp-json\/wp\/v2\/users\/1"}],"replies":[{"embeddable":true,"href":"https:\/\/www.estampacionesvizcaya.com\/fr\/wp-json\/wp\/v2\/comments?post=538"}],"version-history":[{"count":3,"href":"https:\/\/www.estampacionesvizcaya.com\/fr\/wp-json\/wp\/v2\/pages\/538\/revisions"}],"predecessor-version":[{"id":587,"href":"https:\/\/www.estampacionesvizcaya.com\/fr\/wp-json\/wp\/v2\/pages\/538\/revisions\/587"}],"wp:attachment":[{"href":"https:\/\/www.estampacionesvizcaya.com\/fr\/wp-json\/wp\/v2\/media?parent=538"}],"curies":[{"name":"wp","href":"https:\/\/api.w.org\/{rel}","templated":true}]}}